{"id":301,"date":"2019-01-28T15:27:34","date_gmt":"2019-01-28T15:27:34","guid":{"rendered":"https:\/\/www.amazonprimeecolodge.com\/pt\/?page_id=301"},"modified":"2024-07-24T00:16:48","modified_gmt":"2024-07-24T00:16:48","slug":"hotel-de-selva-no-amazonas-2","status":"publish","type":"page","link":"https:\/\/www.amazonprimeecolodge.com\/pt\/index.php\/hotel-de-selva-no-amazonas-2\/","title":{"rendered":"Lodge"},"content":{"rendered":"[vc_row][vc_column][vc_column_text]<!--vcv no format--><\/p>\n<div class=\"vce-row-container\">\n<div id=\"el-76646275\" class=\"vce-row vce-row--col-gap-30 vce-row-columns--top vce-row-content--top\" data-vce-do-apply=\"all el-76646275\">\n<div class=\"vce-row-content\" data-vce-element-content=\"true\">\n<div id=\"el-dfedd37c\" class=\"vce-col vce-col--md-auto vce-col--xs-1 vce-col--xs-last vce-col--xs-first vce-col--sm-last vce-col--sm-first vce-col--md-last vce-col--lg-last vce-col--xl-last vce-col--md-first vce-col--lg-first vce-col--xl-first\">\n<div class=\"vce-col-inner\" data-vce-do-apply=\"border margin background el-dfedd37c\">\n<div class=\"vce-col-content\" data-vce-element-content=\"true\" data-vce-do-apply=\"padding el-dfedd37c\">\n<div class=\"vce-text-block\">\n<div id=\"el-e82eee0b\" class=\"vce-text-block-wrapper vce\" data-vce-do-apply=\"all el-e82eee0b\">\n<p style=\"line-height: 1.5;\">[\/vc_column_text][\/vc_column][\/vc_row][vc_row][vc_column]\n        <h3 class=\"lined-heading mt50\">\n            <span>\n            VISTA EXTERNA DO LODGE\n            <\/span>\n        <\/h3>\n        [vc_media_grid element_width=&#8221;2&#8243; grid_id=&#8221;vc_gid:1721780034313-ef6fb495-bd43-9&#8243; include=&#8221;773,650,653,772,662,775&#8243;]\n        <h3 class=\"lined-heading mt50\">\n            <span>\n            APARTAMENTOS\n            <\/span>\n        <\/h3>\n        [vc_media_grid element_width=&#8221;2&#8243; grid_id=&#8221;vc_gid:1721780034317-c998b0c5-500e-6&#8243; include=&#8221;383,459,385,386,659,664&#8243;]\n        <h3 class=\"lined-heading mt50\">\n            <span>\n            \u00c1REAS SOCIAIS\n            <\/span>\n        <\/h3>\n        [vc_media_grid element_width=&#8221;2&#8243; grid_id=&#8221;vc_gid:1721780034320-de1be941-e4c2-8&#8243; include=&#8221;666,654,667,652,668,651&#8243;][\/vc_column][\/vc_row][vc_row][vc_column][vc_column_text]\n<h2><span style=\"font-size: 12pt;\">Nosso Lodge \u00e9 uma estrutura flutuante localizada no rio Urubu a 230 km de Manaus, um lugar simples por\u00e9m muito confort\u00e1vel. Localizado em uma \u00e1rea privilegiada com alta possibilidade de observar muitos animais.\u00a0 O Lodge tem 05 apartamentos com ar condicionado, banheiros privativos com \u00e1gua quente, quartos individuais, duplos e triplos e podemos acomodar at\u00e9 10 clientes. Nosso card\u00e1pio \u00e9 muito variado, carnes, peixes e frutas e muitos pratos da culin\u00e1ria Amaz\u00f4nica.<\/span><\/h2>\n[\/vc_column_text][vc_empty_space height=&#8221;15px&#8221;][\/vc_column][\/vc_row][vc_row][vc_column width=&#8221;1\/2&#8243;][vc_video link=&#8221;https:\/\/www.youtube.com\/watch?v=jcy-RKzswcc&amp;t=26s&#8221;][vc_column_text]\n<h3 style=\"text-align: center;\"><strong>Um para\u00edso na selva Amaz\u00f4nica<\/strong><\/h3>\n[\/vc_column_text][\/vc_column][vc_column width=&#8221;1\/2&#8243;][vc_video link=&#8221;https:\/\/www.youtube.com\/watch?v=hdRmRBI6uRs&#8221;][vc_column_text]\n<h3 style=\"text-align: center;\"><strong>Do dia para a noite na Amaz\u00f4nia<\/strong><\/h3>\n[\/vc_column_text][\/vc_column][\/vc_row][vc_row][vc_column][\/vc_column][\/vc_row][vc_row][vc_column][vc_column_text]\n<\/div>\n<\/div>\n<\/div>\n<\/div>\n<\/div>\n<\/div>\n<\/div>\n<\/div>\n<p><!--vcv no format-->[\/vc_column_text][\/vc_column][\/vc_row]\n","protected":false},"excerpt":{"rendered":"<p>[vc_row][vc_column][vc_column_text] [\/vc_column_text][\/vc_column][\/vc_row][vc_row][vc_column][vc_media_grid element_width=&#8221;2&#8243; grid_id=&#8221;vc_gid:1721780034313-ef6fb495-bd43-9&#8243; include=&#8221;773,650,653,772,662,775&#8243;][vc_media_grid element_width=&#8221;2&#8243; grid_id=&#8221;vc_gid:1721780034317-c998b0c5-500e-6&#8243; include=&#8221;383,459,385,386,659,664&#8243;][vc_media_grid element_width=&#8221;2&#8243; grid_id=&#8221;vc_gid:1721780034320-de1be941-e4c2-8&#8243; include=&#8221;666,654,667,652,668,651&#8243;][\/vc_column][\/vc_row][vc_row][vc_column][vc_column_text] Nosso Lodge \u00e9 uma estrutura flutuante localizada no rio Urubu a 230 km de Manaus, um lugar simples por\u00e9m muito confort\u00e1vel. Localizado em uma \u00e1rea privilegiada com alta possibilidade de observar muitos animais.\u00a0 O Lodge tem 05 apartamentos com ar condicionado, banheiros privativos com [&hellip;]<\/p>\n","protected":false},"author":1,"featured_media":0,"parent":0,"menu_order":0,"comment_status":"closed","ping_status":"closed","template":"","meta":[],"yoast_head":"<!-- This site is optimized with the Yoast SEO plugin v14.6.1 - https:\/\/yoast.com\/wordpress\/plugins\/seo\/ -->\n<title>Amazon Prime Ecolodge \/ Hotel de selva no Amazonas \/ Ecotours<\/title>\n<meta name=\"description\" content=\"Hotel de selva no Amazonas, O Amazon Prime Ecolodge \u00e9 um hotel flutuante localizado no Rio Urubu a 230 km de Manaus, com paisagens maravilhosas\" \/>\n<meta name=\"robots\" content=\"index, follow\" \/>\n<meta name=\"googlebot\" content=\"index, follow, max-snippet:-1, max-image-preview:large, max-video-preview:-1\" \/>\n<meta name=\"bingbot\" content=\"index, follow, max-snippet:-1, max-image-preview:large, max-video-preview:-1\" \/>\n<link rel=\"canonical\" href=\"https:\/\/www.amazonprimeecolodge.com\/pt\/index.php\/hotel-de-selva-no-amazonas-2\/\" \/>\n<meta property=\"og:locale\" content=\"pt_BR\" \/>\n<meta property=\"og:type\" content=\"article\" \/>\n<meta property=\"og:title\" content=\"Amazon Prime Ecolodge \/ Hotel de selva no Amazonas \/ Ecotours\" \/>\n<meta property=\"og:description\" content=\"Hotel de selva no Amazonas, O Amazon Prime Ecolodge \u00e9 um hotel flutuante localizado no Rio Urubu a 230 km de Manaus, com paisagens maravilhosas\" \/>\n<meta property=\"og:url\" content=\"https:\/\/www.amazonprimeecolodge.com\/pt\/index.php\/hotel-de-selva-no-amazonas-2\/\" \/>\n<meta property=\"og:site_name\" content=\"Amazon Prime\" \/>\n<meta property=\"article:publisher\" content=\"https:\/\/www.facebook.com\/amazonprimeecolodge\" \/>\n<meta property=\"article:modified_time\" content=\"2024-07-24T00:16:48+00:00\" \/>\n<meta name=\"twitter:card\" content=\"summary_large_image\" \/>\n<script type=\"application\/ld+json\" class=\"yoast-schema-graph\">{\"@context\":\"https:\/\/schema.org\",\"@graph\":[{\"@type\":\"Organization\",\"@id\":\"https:\/\/www.amazonprimeecolodge.com\/pt\/#organization\",\"name\":\"Amazon Prime Ecolodge\",\"url\":\"https:\/\/www.amazonprimeecolodge.com\/pt\/\",\"sameAs\":[\"https:\/\/www.facebook.com\/amazonprimeecolodge\",\"https:\/\/www.instagram.com\/amazonprimeecolodge\",\"https:\/\/www.youtube.com\/channel\/UCIUoOdKFJXrid_vgICMzlHg\"],\"logo\":{\"@type\":\"ImageObject\",\"@id\":\"https:\/\/www.amazonprimeecolodge.com\/pt\/#logo\",\"inLanguage\":\"pt-BR\",\"url\":\"https:\/\/www.amazonprimeecolodge.com\/pt\/wp-content\/uploads\/2019\/01\/logo-1.png\",\"width\":340,\"height\":156,\"caption\":\"Amazon Prime Ecolodge\"},\"image\":{\"@id\":\"https:\/\/www.amazonprimeecolodge.com\/pt\/#logo\"}},{\"@type\":\"WebSite\",\"@id\":\"https:\/\/www.amazonprimeecolodge.com\/pt\/#website\",\"url\":\"https:\/\/www.amazonprimeecolodge.com\/pt\/\",\"name\":\"Amazon Prime Ecolodge\",\"description\":\"Portugu\\u00eas\",\"publisher\":{\"@id\":\"https:\/\/www.amazonprimeecolodge.com\/pt\/#organization\"},\"potentialAction\":[{\"@type\":\"SearchAction\",\"target\":\"https:\/\/www.amazonprimeecolodge.com\/pt\/?s={search_term_string}\",\"query-input\":\"required name=search_term_string\"}],\"inLanguage\":\"pt-BR\"},{\"@type\":\"WebPage\",\"@id\":\"https:\/\/www.amazonprimeecolodge.com\/pt\/index.php\/hotel-de-selva-no-amazonas-2\/#webpage\",\"url\":\"https:\/\/www.amazonprimeecolodge.com\/pt\/index.php\/hotel-de-selva-no-amazonas-2\/\",\"name\":\"Amazon Prime Ecolodge \/ Hotel de selva no Amazonas \/ Ecotours\",\"isPartOf\":{\"@id\":\"https:\/\/www.amazonprimeecolodge.com\/pt\/#website\"},\"datePublished\":\"2019-01-28T15:27:34+00:00\",\"dateModified\":\"2024-07-24T00:16:48+00:00\",\"description\":\"Hotel de selva no Amazonas, O Amazon Prime Ecolodge \\u00e9 um hotel flutuante localizado no Rio Urubu a 230 km de Manaus, com paisagens maravilhosas\",\"inLanguage\":\"pt-BR\",\"potentialAction\":[{\"@type\":\"ReadAction\",\"target\":[\"https:\/\/www.amazonprimeecolodge.com\/pt\/index.php\/hotel-de-selva-no-amazonas-2\/\"]}]}]}<\/script>\n<!-- \/ Yoast SEO plugin. -->","_links":{"self":[{"href":"https:\/\/www.amazonprimeecolodge.com\/pt\/index.php\/wp-json\/wp\/v2\/pages\/301"}],"collection":[{"href":"https:\/\/www.amazonprimeecolodge.com\/pt\/index.php\/wp-json\/wp\/v2\/pages"}],"about":[{"href":"https:\/\/www.amazonprimeecolodge.com\/pt\/index.php\/wp-json\/wp\/v2\/types\/page"}],"author":[{"embeddable":true,"href":"https:\/\/www.amazonprimeecolodge.com\/pt\/index.php\/wp-json\/wp\/v2\/users\/1"}],"replies":[{"embeddable":true,"href":"https:\/\/www.amazonprimeecolodge.com\/pt\/index.php\/wp-json\/wp\/v2\/comments?post=301"}],"version-history":[{"count":33,"href":"https:\/\/www.amazonprimeecolodge.com\/pt\/index.php\/wp-json\/wp\/v2\/pages\/301\/revisions"}],"predecessor-version":[{"id":794,"href":"https:\/\/www.amazonprimeecolodge.com\/pt\/index.php\/wp-json\/wp\/v2\/pages\/301\/revisions\/794"}],"wp:attachment":[{"href":"https:\/\/www.amazonprimeecolodge.com\/pt\/index.php\/wp-json\/wp\/v2\/media?parent=301"}],"curies":[{"name":"wp","href":"https:\/\/api.w.org\/{rel}","templated":true}]}}