{"id":305,"date":"2019-01-28T15:30:59","date_gmt":"2019-01-28T15:30:59","guid":{"rendered":"https:\/\/www.amazonprimeecolodge.com\/pt\/?page_id=305"},"modified":"2024-07-24T00:23:14","modified_gmt":"2024-07-24T00:23:14","slug":"pesca-esportiva-no-amazonas","status":"publish","type":"page","link":"https:\/\/www.amazonprimeecolodge.com\/pt\/index.php\/pesca-esportiva-no-amazonas\/","title":{"rendered":"Pesca Esportiva"},"content":{"rendered":"[vc_row][vc_column][vc_column_text]<!--vcv no format--><\/p>\n<div class=\"vce-row-container\">\n<div id=\"el-4eb0c0b9\" class=\"vce-row vce-row--col-gap-30 vce-row-columns--top vce-row-content--top\" data-vce-do-apply=\"all el-4eb0c0b9\">\n<div class=\"vce-row-content\" data-vce-element-content=\"true\">\n<div id=\"el-ccab23ef\" class=\"vce-col vce-col--md-auto vce-col--xs-1 vce-col--xs-last vce-col--xs-first vce-col--sm-last vce-col--sm-first vce-col--md-last vce-col--lg-last vce-col--xl-last vce-col--md-first vce-col--lg-first vce-col--xl-first\">\n<div class=\"vce-col-inner\" data-vce-do-apply=\"border margin background el-ccab23ef\">\n<div class=\"vce-col-content\" data-vce-element-content=\"true\" data-vce-do-apply=\"padding el-ccab23ef\">\n<div class=\"vce-text-block\">\n<div id=\"el-7a35744b\" class=\"vce-text-block-wrapper vce\" data-vce-do-apply=\"all el-7a35744b\">\n[\/vc_column_text][\/vc_column][\/vc_row][vc_row][vc_column]\n        <h3 class=\"lined-heading mt50\">\n            <span>\n            PEIXES DO RIO URUBU\n            <\/span>\n        <\/h3>\n        [vc_media_grid element_width=&#8221;2&#8243; grid_id=&#8221;vc_gid:1721780383445-0820458b-0ecb-0&#8243; include=&#8221;678,683,785,778,783,782&#8243;][vc_column_text]\n<h4 style=\"text-align: center;\"><span style=\"font-size: 14pt;\"><strong>No Rio Urubu, podemos encontrar muitas esp\u00e9cies de peixes, Tucunar\u00e9 A\u00e7u, Pirarara, Aruan\u00e3, Jacund\u00e1 e Tra\u00edra<\/strong><\/span><\/h4>\n[\/vc_column_text][vc_media_grid element_width=&#8221;2&#8243; grid_id=&#8221;vc_gid:1721780383450-a334f208-81cf-7&#8243; include=&#8221;686,689,786,779,784,788&#8243;]\n        <h3 class=\"lined-heading mt50\">\n            <span>\n            GALERIA DE VIDEOS\n            <\/span>\n        <\/h3>\n        [vc_row_inner][vc_column_inner width=&#8221;1\/3&#8243;][vc_video link=&#8221;https:\/\/www.youtube.com\/watch?v=qo4DZI8fFZo&amp;t=11s&#8221;][vc_column_text]\n<h4 style=\"text-align: center;\"><strong>Brigando com o boto<\/strong><\/h4>\n[\/vc_column_text][\/vc_column_inner][vc_column_inner width=&#8221;1\/3&#8243;][vc_video link=&#8221;https:\/\/youtu.be\/QCJuyoNnUNo&#8221;][vc_column_text]\n<h4 style=\"text-align: center;\"><strong>Tucunar\u00e9 no fly<\/strong><\/h4>\n[\/vc_column_text][\/vc_column_inner][vc_column_inner width=&#8221;1\/3&#8243;][vc_video link=&#8221;https:\/\/youtu.be\/oxJikmwzvNc&#8221;][vc_column_text]\n<h4 style=\"text-align: center;\"><strong>Pescado no Rio Urub\u00fa\u00a0<\/strong><\/h4>\n[\/vc_column_text][\/vc_column_inner][\/vc_row_inner]\n        <h3 class=\"lined-heading mt50\">\n            <span>\n            PACOTE DE PESCA RIO URUBU\n            <\/span>\n        <\/h3>\n        [vc_column_text]\n<h3 style=\"text-align: center;\"><strong>Pacote de 7 dias e 6 noites ( 5 dias inteiros de pesca)<\/strong><\/h3>\n<p><strong>1\u00ba Dia.<\/strong><\/p>\n<h4>08:00 AM\u00a0 Sa\u00edda do hotel em Manaus<\/h4>\n<h4>12:00 PM Chegada ao Lodge flutuante e prepara\u00e7\u00e3o do equipamento de pesca<\/h4>\n<h4>12:30 PM Almo\u00e7o<\/h4>\n<h4>02:30 PM Inicio da pescaria<\/h4>\n<h4>07:00 PM Jantar<\/h4>\n<h4><\/h4>\n<h4><strong>2\u00ba Dia <\/strong><\/h4>\n<h4>06:00 AM Caf\u00e9 da manh\u00e3<\/h4>\n<h4>06:30 AM Inicio da pescaria per\u00edodo da manh\u00e3<\/h4>\n<h4>12:00 PM Almo\u00e7o<\/h4>\n<h4>02:30 PM Inicio da pescaria per\u00edodo da tarde<\/h4>\n<h4>07:00 PM Jantar<\/h4>\n<h4><\/h4>\n<h4><strong>3\u00ba, 4\u00ba 5\u00ba e 6\u00ba Dia (programa\u00e7\u00e3o igual a do 2\u00ba Dia)<\/strong><\/h4>\n<h4><strong>\u00a0<\/strong><\/h4>\n<h4><strong>7\u00ba Dia<\/strong><\/h4>\n<h4>06:00 PM Caf\u00e9 da Manh\u00e3<\/h4>\n<h4>06:30 PM Inicio da pescaria per\u00edodo da manh\u00e3<\/h4>\n<h4>12:00 PM Almo\u00e7o<\/h4>\n<h4>01:00 PM Retorno para Manaus<\/h4>\n<h4>05:30hs Previs\u00e3o de chegada em Manaus e drop off no hotel ou aeroporto.<\/h4>\n<h4><strong>\u00a0<\/strong><strong>Itens inclusos no pacote<\/strong><\/h4>\n<h4><strong>\u00a0<\/strong>Traslados Ida e volta (Hotel em Manaus \/ Lodge \/ hotel em Manaus ou Aeroporto)<\/h4>\n<h4>Alimenta\u00e7\u00e3o, Caf\u00e9 da manh\u00e3, almo\u00e7o e jantar.<\/h4>\n<h4>Bote de pesca para 2 pescadores com 20 litros de gasolina por dia e piloteiro<\/h4>\n<h4>\u00c1gua mineral a vontade direto no bebedouro no lodge<\/h4>\n<h4>Sucos no caf\u00e9 da manh\u00e3<\/h4>\n<h4>Cervejas, refrigerantes, \u00e1gua mineral em garrafas pequenas.<\/h4>\n<h4><\/h4>\n<h4><\/h4>\n<h4><\/h4>\n<h4><strong>Acomoda\u00e7\u00f5es<\/strong><\/h4>\n<h4>Em apartamentos duplos com banheiros privativos equipados com ar condicionado<\/h4>\n<h4><strong>\u00a0<\/strong><\/h4>\n<h4><strong>Itens n\u00e3o inclusos no pacote<\/strong><\/h4>\n<h4>Di\u00e1rias em hot\u00e9is em Manaus, equipamentos de pesca e outros itens n\u00e3o mencionados acima.<\/h4>\n[\/vc_column_text][\/vc_column][\/vc_row][vc_row][vc_column][vc_column_text]\n<\/div>\n<\/div>\n<\/div>\n<\/div>\n<\/div>\n<\/div>\n<\/div>\n<\/div>\n<p><!--vcv no format-->[\/vc_column_text][\/vc_column][\/vc_row]\n","protected":false},"excerpt":{"rendered":"<p>[vc_row][vc_column][vc_column_text] [\/vc_column_text][\/vc_column][\/vc_row][vc_row][vc_column][vc_media_grid element_width=&#8221;2&#8243; grid_id=&#8221;vc_gid:1721780383445-0820458b-0ecb-0&#8243; include=&#8221;678,683,785,778,783,782&#8243;][vc_column_text] No Rio Urubu, podemos encontrar muitas esp\u00e9cies de peixes, Tucunar\u00e9 A\u00e7u, Pirarara, Aruan\u00e3, Jacund\u00e1 e Tra\u00edra [\/vc_column_text][vc_media_grid element_width=&#8221;2&#8243; grid_id=&#8221;vc_gid:1721780383450-a334f208-81cf-7&#8243; include=&#8221;686,689,786,779,784,788&#8243;][vc_row_inner][vc_column_inner width=&#8221;1\/3&#8243;][vc_video link=&#8221;https:\/\/www.youtube.com\/watch?v=qo4DZI8fFZo&amp;t=11s&#8221;][vc_column_text] Brigando com o boto [\/vc_column_text][\/vc_column_inner][vc_column_inner width=&#8221;1\/3&#8243;][vc_video link=&#8221;https:\/\/youtu.be\/QCJuyoNnUNo&#8221;][vc_column_text] Tucunar\u00e9 no fly [\/vc_column_text][\/vc_column_inner][vc_column_inner width=&#8221;1\/3&#8243;][vc_video link=&#8221;https:\/\/youtu.be\/oxJikmwzvNc&#8221;][vc_column_text] Pescado no Rio Urub\u00fa\u00a0 [\/vc_column_text][\/vc_column_inner][\/vc_row_inner][vc_column_text] Pacote de 7 dias e 6 noites ( 5 dias [&hellip;]<\/p>\n","protected":false},"author":1,"featured_media":0,"parent":0,"menu_order":0,"comment_status":"closed","ping_status":"closed","template":"","meta":[],"yoast_head":"<!-- This site is optimized with the Yoast SEO plugin v14.6.1 - https:\/\/yoast.com\/wordpress\/plugins\/seo\/ -->\n<title>Amazon Prime Ecolodge \/ Pesca esportiva de tucunar\u00e9s no Amazonas<\/title>\n<meta name=\"description\" content=\"Organizamos pesca esportiva de Tucunar\u00e9s e Pirararas na regi\u00e3o do rio urubu no Estado do Amazonas e muitas outras esp\u00e9cies tamb\u00e9m podem ser encontradas\" \/>\n<meta name=\"robots\" content=\"index, follow\" \/>\n<meta name=\"googlebot\" content=\"index, follow, max-snippet:-1, max-image-preview:large, max-video-preview:-1\" \/>\n<meta name=\"bingbot\" content=\"index, follow, max-snippet:-1, max-image-preview:large, max-video-preview:-1\" \/>\n<link rel=\"canonical\" href=\"https:\/\/www.amazonprimeecolodge.com\/pt\/index.php\/pesca-esportiva-no-amazonas\/\" \/>\n<meta property=\"og:locale\" content=\"pt_BR\" \/>\n<meta property=\"og:type\" content=\"article\" \/>\n<meta property=\"og:title\" content=\"Amazon Prime Ecolodge \/ Pesca esportiva de tucunar\u00e9s no Amazonas\" \/>\n<meta property=\"og:description\" content=\"Organizamos pesca esportiva de Tucunar\u00e9s e Pirararas na regi\u00e3o do rio urubu no Estado do Amazonas e muitas outras esp\u00e9cies tamb\u00e9m podem ser encontradas\" \/>\n<meta property=\"og:url\" content=\"https:\/\/www.amazonprimeecolodge.com\/pt\/index.php\/pesca-esportiva-no-amazonas\/\" \/>\n<meta property=\"og:site_name\" content=\"Amazon Prime\" \/>\n<meta property=\"article:publisher\" content=\"https:\/\/www.facebook.com\/amazonprimeecolodge\" \/>\n<meta property=\"article:modified_time\" content=\"2024-07-24T00:23:14+00:00\" \/>\n<meta name=\"twitter:card\" content=\"summary_large_image\" \/>\n<script type=\"application\/ld+json\" class=\"yoast-schema-graph\">{\"@context\":\"https:\/\/schema.org\",\"@graph\":[{\"@type\":\"Organization\",\"@id\":\"https:\/\/www.amazonprimeecolodge.com\/pt\/#organization\",\"name\":\"Amazon Prime Ecolodge\",\"url\":\"https:\/\/www.amazonprimeecolodge.com\/pt\/\",\"sameAs\":[\"https:\/\/www.facebook.com\/amazonprimeecolodge\",\"https:\/\/www.instagram.com\/amazonprimeecolodge\",\"https:\/\/www.youtube.com\/channel\/UCIUoOdKFJXrid_vgICMzlHg\"],\"logo\":{\"@type\":\"ImageObject\",\"@id\":\"https:\/\/www.amazonprimeecolodge.com\/pt\/#logo\",\"inLanguage\":\"pt-BR\",\"url\":\"https:\/\/www.amazonprimeecolodge.com\/pt\/wp-content\/uploads\/2019\/01\/logo-1.png\",\"width\":340,\"height\":156,\"caption\":\"Amazon Prime Ecolodge\"},\"image\":{\"@id\":\"https:\/\/www.amazonprimeecolodge.com\/pt\/#logo\"}},{\"@type\":\"WebSite\",\"@id\":\"https:\/\/www.amazonprimeecolodge.com\/pt\/#website\",\"url\":\"https:\/\/www.amazonprimeecolodge.com\/pt\/\",\"name\":\"Amazon Prime Ecolodge\",\"description\":\"Portugu\\u00eas\",\"publisher\":{\"@id\":\"https:\/\/www.amazonprimeecolodge.com\/pt\/#organization\"},\"potentialAction\":[{\"@type\":\"SearchAction\",\"target\":\"https:\/\/www.amazonprimeecolodge.com\/pt\/?s={search_term_string}\",\"query-input\":\"required name=search_term_string\"}],\"inLanguage\":\"pt-BR\"},{\"@type\":\"WebPage\",\"@id\":\"https:\/\/www.amazonprimeecolodge.com\/pt\/index.php\/pesca-esportiva-no-amazonas\/#webpage\",\"url\":\"https:\/\/www.amazonprimeecolodge.com\/pt\/index.php\/pesca-esportiva-no-amazonas\/\",\"name\":\"Amazon Prime Ecolodge \/ Pesca esportiva de tucunar\\u00e9s no Amazonas\",\"isPartOf\":{\"@id\":\"https:\/\/www.amazonprimeecolodge.com\/pt\/#website\"},\"datePublished\":\"2019-01-28T15:30:59+00:00\",\"dateModified\":\"2024-07-24T00:23:14+00:00\",\"description\":\"Organizamos pesca esportiva de Tucunar\\u00e9s e Pirararas na regi\\u00e3o do rio urubu no Estado do Amazonas e muitas outras esp\\u00e9cies tamb\\u00e9m podem ser encontradas\",\"inLanguage\":\"pt-BR\",\"potentialAction\":[{\"@type\":\"ReadAction\",\"target\":[\"https:\/\/www.amazonprimeecolodge.com\/pt\/index.php\/pesca-esportiva-no-amazonas\/\"]}]}]}<\/script>\n<!-- \/ Yoast SEO plugin. -->","_links":{"self":[{"href":"https:\/\/www.amazonprimeecolodge.com\/pt\/index.php\/wp-json\/wp\/v2\/pages\/305"}],"collection":[{"href":"https:\/\/www.amazonprimeecolodge.com\/pt\/index.php\/wp-json\/wp\/v2\/pages"}],"about":[{"href":"https:\/\/www.amazonprimeecolodge.com\/pt\/index.php\/wp-json\/wp\/v2\/types\/page"}],"author":[{"embeddable":true,"href":"https:\/\/www.amazonprimeecolodge.com\/pt\/index.php\/wp-json\/wp\/v2\/users\/1"}],"replies":[{"embeddable":true,"href":"https:\/\/www.amazonprimeecolodge.com\/pt\/index.php\/wp-json\/wp\/v2\/comments?post=305"}],"version-history":[{"count":31,"href":"https:\/\/www.amazonprimeecolodge.com\/pt\/index.php\/wp-json\/wp\/v2\/pages\/305\/revisions"}],"predecessor-version":[{"id":743,"href":"https:\/\/www.amazonprimeecolodge.com\/pt\/index.php\/wp-json\/wp\/v2\/pages\/305\/revisions\/743"}],"wp:attachment":[{"href":"https:\/\/www.amazonprimeecolodge.com\/pt\/index.php\/wp-json\/wp\/v2\/media?parent=305"}],"curies":[{"name":"wp","href":"https:\/\/api.w.org\/{rel}","templated":true}]}}